{"id":26,"date":"2023-02-21T20:25:43","date_gmt":"2023-02-21T20:25:43","guid":{"rendered":"https:\/\/lukhohaimy.com\/?page_id=26"},"modified":"2025-10-13T16:24:53","modified_gmt":"2025-10-13T16:24:53","slug":"reel","status":"publish","type":"page","link":"https:\/\/lukhohaimy.com\/","title":{"rendered":"FILMS"},"content":{"rendered":"\n<figure class=\"wp-block-image size-large is-style-default\"><img loading=\"lazy\" decoding=\"async\" width=\"1024\" height=\"427\" src=\"https:\/\/lukhohaimy.com\/wp-content\/uploads\/2024\/02\/Dir-cut_Howmany_Thumn-1024x427.png\" alt=\"\" class=\"wp-image-324\" srcset=\"https:\/\/lukhohaimy.com\/wp-content\/uploads\/2024\/02\/Dir-cut_Howmany_Thumn-1024x427.png 1024w, https:\/\/lukhohaimy.com\/wp-content\/uploads\/2024\/02\/Dir-cut_Howmany_Thumn-300x125.png 300w, https:\/\/lukhohaimy.com\/wp-content\/uploads\/2024\/02\/Dir-cut_Howmany_Thumn-768x320.png 768w, https:\/\/lukhohaimy.com\/wp-content\/uploads\/2024\/02\/Dir-cut_Howmany_Thumn-1536x640.png 1536w, https:\/\/lukhohaimy.com\/wp-content\/uploads\/2024\/02\/Dir-cut_Howmany_Thumn.png 1651w\" sizes=\"auto, (max-width: 1024px) 100vw, 1024px\" \/><figcaption class=\"wp-element-caption\"><a href=\"https:\/\/vimeo.com\/832433174\" data-type=\"link\" data-id=\"https:\/\/vimeo.com\/832433174\">ALL ABOUT LOVE &#8211; Film Focused &#8211; Director\u2019s reel<\/a><\/figcaption><\/figure>\n\n\n\n<figure class=\"wp-block-image size-large\"><img loading=\"lazy\" decoding=\"async\" width=\"1024\" height=\"427\" src=\"https:\/\/lukhohaimy.com\/wp-content\/uploads\/2024\/02\/Trailer.THUMBNAIL-1-1024x427.png\" alt=\"\" class=\"wp-image-326\" srcset=\"https:\/\/lukhohaimy.com\/wp-content\/uploads\/2024\/02\/Trailer.THUMBNAIL-1-1024x427.png 1024w, https:\/\/lukhohaimy.com\/wp-content\/uploads\/2024\/02\/Trailer.THUMBNAIL-1-300x125.png 300w, https:\/\/lukhohaimy.com\/wp-content\/uploads\/2024\/02\/Trailer.THUMBNAIL-1-768x320.png 768w, https:\/\/lukhohaimy.com\/wp-content\/uploads\/2024\/02\/Trailer.THUMBNAIL-1.png 1306w\" sizes=\"auto, (max-width: 1024px) 100vw, 1024px\" \/><figcaption class=\"wp-element-caption\"><a href=\"https:\/\/vimeo.com\/912969580\" data-type=\"link\" data-id=\"https:\/\/vimeo.com\/912969580\">(Trailer) HOW MANY EXES DO YOU HAVE?<\/a><\/figcaption><\/figure>\n\n\n<div class=\"wp-block-image\">\n<figure class=\"aligncenter size-large\"><img loading=\"lazy\" decoding=\"async\" width=\"1024\" height=\"432\" src=\"https:\/\/lukhohaimy.com\/wp-content\/uploads\/2023\/02\/LHL_DirCut_09042021.00_06_22_23.Still049-1024x432.jpg\" alt=\"\" class=\"wp-image-237\" srcset=\"https:\/\/lukhohaimy.com\/wp-content\/uploads\/2023\/02\/LHL_DirCut_09042021.00_06_22_23.Still049-1024x432.jpg 1024w, https:\/\/lukhohaimy.com\/wp-content\/uploads\/2023\/02\/LHL_DirCut_09042021.00_06_22_23.Still049-300x127.jpg 300w, https:\/\/lukhohaimy.com\/wp-content\/uploads\/2023\/02\/LHL_DirCut_09042021.00_06_22_23.Still049-768x324.jpg 768w, https:\/\/lukhohaimy.com\/wp-content\/uploads\/2023\/02\/LHL_DirCut_09042021.00_06_22_23.Still049-1536x648.jpg 1536w, https:\/\/lukhohaimy.com\/wp-content\/uploads\/2023\/02\/LHL_DirCut_09042021.00_06_22_23.Still049-2048x864.jpg 2048w\" sizes=\"auto, (max-width: 1024px) 100vw, 1024px\" \/><figcaption class=\"wp-element-caption\"><a href=\"https:\/\/vimeo.com\/629350152\" target=\"_blank\" rel=\"noreferrer noopener\">LOVELINE | Trailer<\/a><\/figcaption><\/figure>\n<\/div>\n\n<div class=\"wp-block-image\">\n<figure class=\"aligncenter size-large is-resized\"><img loading=\"lazy\" decoding=\"async\" width=\"1024\" height=\"576\" src=\"https:\/\/lukhohaimy.com\/wp-content\/uploads\/2024\/07\/HSH-1024x576.jpg\" alt=\"HOME SWEET HOME (Short)\" class=\"wp-image-339\" style=\"width:840px;height:auto\" srcset=\"https:\/\/lukhohaimy.com\/wp-content\/uploads\/2024\/07\/HSH-1024x576.jpg 1024w, https:\/\/lukhohaimy.com\/wp-content\/uploads\/2024\/07\/HSH-300x169.jpg 300w, https:\/\/lukhohaimy.com\/wp-content\/uploads\/2024\/07\/HSH-768x432.jpg 768w, https:\/\/lukhohaimy.com\/wp-content\/uploads\/2024\/07\/HSH-1536x865.jpg 1536w, https:\/\/lukhohaimy.com\/wp-content\/uploads\/2024\/07\/HSH.jpg 1766w\" sizes=\"auto, (max-width: 1024px) 100vw, 1024px\" \/><figcaption class=\"wp-element-caption\"><a href=\"https:\/\/vimeo.com\/938137042\">HOME SWEET HOME (Short)<\/a><\/figcaption><\/figure>\n<\/div>\n\n\n<div class=\"wp-block-columns is-layout-flex wp-container-core-columns-is-layout-9d6595d7 wp-block-columns-is-layout-flex\">\n<div class=\"wp-block-column is-layout-flow wp-block-column-is-layout-flow\">\n<figure class=\"wp-block-image size-large\"><img loading=\"lazy\" decoding=\"async\" width=\"1024\" height=\"432\" src=\"https:\/\/lukhohaimy.com\/wp-content\/uploads\/2023\/02\/CTBL-1024x432.jpg\" alt=\"\" class=\"wp-image-242\" srcset=\"https:\/\/lukhohaimy.com\/wp-content\/uploads\/2023\/02\/CTBL-1024x432.jpg 1024w, https:\/\/lukhohaimy.com\/wp-content\/uploads\/2023\/02\/CTBL-300x127.jpg 300w, https:\/\/lukhohaimy.com\/wp-content\/uploads\/2023\/02\/CTBL-768x324.jpg 768w, https:\/\/lukhohaimy.com\/wp-content\/uploads\/2023\/02\/CTBL-1536x648.jpg 1536w, https:\/\/lukhohaimy.com\/wp-content\/uploads\/2023\/02\/CTBL-2048x864.jpg 2048w\" sizes=\"auto, (max-width: 1024px) 100vw, 1024px\" \/><figcaption class=\"wp-element-caption\"><a href=\"https:\/\/vimeo.com\/784525921\" target=\"_blank\" rel=\"noreferrer noopener\">BAC LIEU DANDY &#8211; A Stopmotion Animation<\/a><\/figcaption><\/figure>\n<\/div>\n\n\n\n<div class=\"wp-block-column is-layout-flow wp-block-column-is-layout-flow\">\n<figure class=\"wp-block-image size-large\"><img loading=\"lazy\" decoding=\"async\" width=\"1024\" height=\"432\" src=\"https:\/\/lukhohaimy.com\/wp-content\/uploads\/2023\/02\/LITTLE-PRINCE-1024x432.jpg\" alt=\"\" class=\"wp-image-243\" srcset=\"https:\/\/lukhohaimy.com\/wp-content\/uploads\/2023\/02\/LITTLE-PRINCE-1024x432.jpg 1024w, https:\/\/lukhohaimy.com\/wp-content\/uploads\/2023\/02\/LITTLE-PRINCE-300x127.jpg 300w, https:\/\/lukhohaimy.com\/wp-content\/uploads\/2023\/02\/LITTLE-PRINCE-768x324.jpg 768w, https:\/\/lukhohaimy.com\/wp-content\/uploads\/2023\/02\/LITTLE-PRINCE-1536x648.jpg 1536w, https:\/\/lukhohaimy.com\/wp-content\/uploads\/2023\/02\/LITTLE-PRINCE-2048x864.jpg 2048w\" sizes=\"auto, (max-width: 1024px) 100vw, 1024px\" \/><figcaption class=\"wp-element-caption\"><a href=\"https:\/\/vimeo.com\/715901562\" target=\"_blank\" rel=\"noreferrer noopener\">LE PETIT PRICE &#8211; A Stopmotion Animation<\/a><\/figcaption><\/figure>\n<\/div>\n<\/div>\n\n\n\n<div class=\"wp-block-columns is-layout-flex wp-container-core-columns-is-layout-9d6595d7 wp-block-columns-is-layout-flex\">\n<div class=\"wp-block-column is-layout-flow wp-block-column-is-layout-flow\">\n<figure class=\"wp-block-image size-large\"><img loading=\"lazy\" decoding=\"async\" width=\"1024\" height=\"432\" src=\"https:\/\/lukhohaimy.com\/wp-content\/uploads\/2023\/02\/YATS-2-1024x432.jpg\" alt=\"\" class=\"wp-image-244\" srcset=\"https:\/\/lukhohaimy.com\/wp-content\/uploads\/2023\/02\/YATS-2-1024x432.jpg 1024w, https:\/\/lukhohaimy.com\/wp-content\/uploads\/2023\/02\/YATS-2-300x127.jpg 300w, https:\/\/lukhohaimy.com\/wp-content\/uploads\/2023\/02\/YATS-2-768x324.jpg 768w, https:\/\/lukhohaimy.com\/wp-content\/uploads\/2023\/02\/YATS-2-1536x648.jpg 1536w, https:\/\/lukhohaimy.com\/wp-content\/uploads\/2023\/02\/YATS-2-2048x864.jpg 2048w\" sizes=\"auto, (max-width: 1024px) 100vw, 1024px\" \/><\/figure>\n<\/div>\n\n\n\n<div class=\"wp-block-column is-layout-flow wp-block-column-is-layout-flow\">\n<figure class=\"wp-block-image size-large\"><img loading=\"lazy\" decoding=\"async\" width=\"1024\" height=\"432\" src=\"https:\/\/lukhohaimy.com\/wp-content\/uploads\/2023\/02\/YATS-1-1024x432.jpg\" alt=\"\" class=\"wp-image-245\" srcset=\"https:\/\/lukhohaimy.com\/wp-content\/uploads\/2023\/02\/YATS-1-1024x432.jpg 1024w, https:\/\/lukhohaimy.com\/wp-content\/uploads\/2023\/02\/YATS-1-300x127.jpg 300w, https:\/\/lukhohaimy.com\/wp-content\/uploads\/2023\/02\/YATS-1-768x324.jpg 768w, https:\/\/lukhohaimy.com\/wp-content\/uploads\/2023\/02\/YATS-1-1536x648.jpg 1536w, https:\/\/lukhohaimy.com\/wp-content\/uploads\/2023\/02\/YATS-1-2048x864.jpg 2048w\" sizes=\"auto, (max-width: 1024px) 100vw, 1024px\" \/><\/figure>\n<\/div>\n<\/div>\n\n\n\n<div class=\"wp-block-columns is-layout-flex wp-container-core-columns-is-layout-9d6595d7 wp-block-columns-is-layout-flex\">\n<div class=\"wp-block-column is-layout-flow wp-block-column-is-layout-flow\">\n<figure class=\"wp-block-image size-large\"><img loading=\"lazy\" decoding=\"async\" width=\"1024\" height=\"432\" src=\"https:\/\/lukhohaimy.com\/wp-content\/uploads\/2023\/02\/You-Are-The-S...T-Short.00_00_58_09.Still011-1-1024x432.jpg\" alt=\"\" class=\"wp-image-246\" srcset=\"https:\/\/lukhohaimy.com\/wp-content\/uploads\/2023\/02\/You-Are-The-S...T-Short.00_00_58_09.Still011-1-1024x432.jpg 1024w, https:\/\/lukhohaimy.com\/wp-content\/uploads\/2023\/02\/You-Are-The-S...T-Short.00_00_58_09.Still011-1-300x127.jpg 300w, https:\/\/lukhohaimy.com\/wp-content\/uploads\/2023\/02\/You-Are-The-S...T-Short.00_00_58_09.Still011-1-768x324.jpg 768w, https:\/\/lukhohaimy.com\/wp-content\/uploads\/2023\/02\/You-Are-The-S...T-Short.00_00_58_09.Still011-1-1536x648.jpg 1536w, https:\/\/lukhohaimy.com\/wp-content\/uploads\/2023\/02\/You-Are-The-S...T-Short.00_00_58_09.Still011-1-2048x864.jpg 2048w\" sizes=\"auto, (max-width: 1024px) 100vw, 1024px\" \/><figcaption class=\"wp-element-caption\"><a href=\"https:\/\/vimeo.com\/735034819\" target=\"_blank\" rel=\"noreferrer noopener\">YOU ARE THE S***! \/ EM TUY\u1ec6T V\u1edcI! (Short)<\/a><\/figcaption><\/figure>\n<\/div>\n<\/div>\n\n\n\n<div class=\"wp-block-columns is-layout-flex wp-container-core-columns-is-layout-9d6595d7 wp-block-columns-is-layout-flex\">\n<div class=\"wp-block-column is-layout-flow wp-block-column-is-layout-flow\">\n<figure class=\"wp-block-image size-large\"><img loading=\"lazy\" decoding=\"async\" width=\"1024\" height=\"432\" src=\"https:\/\/lukhohaimy.com\/wp-content\/uploads\/2023\/02\/HAYTD-1-1024x432.jpg\" alt=\"\" class=\"wp-image-251\" srcset=\"https:\/\/lukhohaimy.com\/wp-content\/uploads\/2023\/02\/HAYTD-1-1024x432.jpg 1024w, https:\/\/lukhohaimy.com\/wp-content\/uploads\/2023\/02\/HAYTD-1-300x127.jpg 300w, https:\/\/lukhohaimy.com\/wp-content\/uploads\/2023\/02\/HAYTD-1-768x324.jpg 768w, https:\/\/lukhohaimy.com\/wp-content\/uploads\/2023\/02\/HAYTD-1-1536x648.jpg 1536w, https:\/\/lukhohaimy.com\/wp-content\/uploads\/2023\/02\/HAYTD-1-2048x864.jpg 2048w\" sizes=\"auto, (max-width: 1024px) 100vw, 1024px\" \/><figcaption class=\"wp-element-caption\"><a href=\"https:\/\/vimeo.com\/myngoan\/howareyouthesedays\" target=\"_blank\" rel=\"noreferrer noopener\">TRAN QUANG DAI: \u201cHow are you these days?\u201d<\/a><\/figcaption><\/figure>\n<\/div>\n\n\n\n<div class=\"wp-block-column is-layout-flow wp-block-column-is-layout-flow\">\n<figure class=\"wp-block-image size-large\"><img loading=\"lazy\" decoding=\"async\" width=\"1024\" height=\"432\" src=\"https:\/\/lukhohaimy.com\/wp-content\/uploads\/2023\/02\/HAYTD-1-1-1024x432.jpg\" alt=\"\" class=\"wp-image-252\" srcset=\"https:\/\/lukhohaimy.com\/wp-content\/uploads\/2023\/02\/HAYTD-1-1-1024x432.jpg 1024w, https:\/\/lukhohaimy.com\/wp-content\/uploads\/2023\/02\/HAYTD-1-1-300x127.jpg 300w, https:\/\/lukhohaimy.com\/wp-content\/uploads\/2023\/02\/HAYTD-1-1-768x324.jpg 768w, https:\/\/lukhohaimy.com\/wp-content\/uploads\/2023\/02\/HAYTD-1-1-1536x648.jpg 1536w, https:\/\/lukhohaimy.com\/wp-content\/uploads\/2023\/02\/HAYTD-1-1-2048x864.jpg 2048w\" sizes=\"auto, (max-width: 1024px) 100vw, 1024px\" \/><figcaption class=\"wp-element-caption\"><a href=\"https:\/\/www.nowness.asia\/series\/private-view\/how-are-you-these-days\" target=\"_blank\" rel=\"noreferrer noopener\">NOWNESS ASIA: \u201cHow are you these days?\u201d<\/a><\/figcaption><\/figure>\n<\/div>\n<\/div>\n\n\n\n<figure class=\"wp-block-image size-large\"><img loading=\"lazy\" decoding=\"async\" width=\"1024\" height=\"432\" src=\"https:\/\/lukhohaimy.com\/wp-content\/uploads\/2023\/02\/STATUE-1024x432.jpg\" alt=\"\" class=\"wp-image-255\" srcset=\"https:\/\/lukhohaimy.com\/wp-content\/uploads\/2023\/02\/STATUE-1024x432.jpg 1024w, https:\/\/lukhohaimy.com\/wp-content\/uploads\/2023\/02\/STATUE-300x127.jpg 300w, https:\/\/lukhohaimy.com\/wp-content\/uploads\/2023\/02\/STATUE-768x324.jpg 768w, https:\/\/lukhohaimy.com\/wp-content\/uploads\/2023\/02\/STATUE-1536x648.jpg 1536w, https:\/\/lukhohaimy.com\/wp-content\/uploads\/2023\/02\/STATUE-2048x864.jpg 2048w\" sizes=\"auto, (max-width: 1024px) 100vw, 1024px\" \/><figcaption class=\"wp-element-caption\"><a href=\"https:\/\/vimeo.com\/678660146\" target=\"_blank\" rel=\"noreferrer noopener\">STATUE | a visual poem<\/a><\/figcaption><\/figure>\n\n\n<div class=\"wp-block-image\">\n<figure class=\"aligncenter size-large is-resized\"><img loading=\"lazy\" decoding=\"async\" width=\"744\" height=\"1024\" src=\"https:\/\/lukhohaimy.com\/wp-content\/uploads\/2024\/11\/455270368_8210332632346747_4081497088829376621_n-744x1024.jpg\" alt=\"\" class=\"wp-image-396\" style=\"width:744px;height:auto\" srcset=\"https:\/\/lukhohaimy.com\/wp-content\/uploads\/2024\/11\/455270368_8210332632346747_4081497088829376621_n-744x1024.jpg 744w, https:\/\/lukhohaimy.com\/wp-content\/uploads\/2024\/11\/455270368_8210332632346747_4081497088829376621_n-218x300.jpg 218w, https:\/\/lukhohaimy.com\/wp-content\/uploads\/2024\/11\/455270368_8210332632346747_4081497088829376621_n-768x1057.jpg 768w, https:\/\/lukhohaimy.com\/wp-content\/uploads\/2024\/11\/455270368_8210332632346747_4081497088829376621_n.jpg 930w\" sizes=\"auto, (max-width: 744px) 100vw, 744px\" \/><figcaption class=\"wp-element-caption\"><a href=\"https:\/\/www.imdb.com\/title\/tt33293706\/?ref_=nm_flmg_t_1_dr\" target=\"_blank\" rel=\"noreferrer noopener\">Ms.Substitute marries her Mr.Right<\/a><br><em>(ONLY ON | ShortMax)<\/em><\/figcaption><\/figure>\n<\/div>\n\n\n<figure class=\"wp-block-image size-large\"><img loading=\"lazy\" decoding=\"async\" width=\"1024\" height=\"576\" src=\"https:\/\/lukhohaimy.com\/wp-content\/uploads\/2024\/11\/CGCLTD_TEASER_NOCOLOR.00_01_13_29.Still026-1024x576.png\" alt=\"\" class=\"wp-image-398\" srcset=\"https:\/\/lukhohaimy.com\/wp-content\/uploads\/2024\/11\/CGCLTD_TEASER_NOCOLOR.00_01_13_29.Still026-1024x576.png 1024w, https:\/\/lukhohaimy.com\/wp-content\/uploads\/2024\/11\/CGCLTD_TEASER_NOCOLOR.00_01_13_29.Still026-300x169.png 300w, https:\/\/lukhohaimy.com\/wp-content\/uploads\/2024\/11\/CGCLTD_TEASER_NOCOLOR.00_01_13_29.Still026-768x432.png 768w, https:\/\/lukhohaimy.com\/wp-content\/uploads\/2024\/11\/CGCLTD_TEASER_NOCOLOR.00_01_13_29.Still026.png 1440w\" sizes=\"auto, (max-width: 1024px) 100vw, 1024px\" \/><figcaption class=\"wp-element-caption\"><a href=\"https:\/\/vimeo.com\/882776821\/1b383bb1e4\"><strong>C\u00d4 G\u00c1I C\u00c3I L\u1edcI TH\u01af\u1ee2NG \u0110\u1ebe<\/strong> (Teaser)<\/a><\/figcaption><\/figure>\n\n\n\n<div class=\"wp-block-columns is-layout-flex wp-container-core-columns-is-layout-9d6595d7 wp-block-columns-is-layout-flex\">\n<div class=\"wp-block-column is-layout-flow wp-block-column-is-layout-flow\">\n<figure class=\"wp-block-image size-large\"><img loading=\"lazy\" decoding=\"async\" width=\"1024\" height=\"432\" src=\"https:\/\/lukhohaimy.com\/wp-content\/uploads\/2023\/02\/A-LITTLE-SOUL-1024x432.jpg\" alt=\"\" class=\"wp-image-256\" srcset=\"https:\/\/lukhohaimy.com\/wp-content\/uploads\/2023\/02\/A-LITTLE-SOUL-1024x432.jpg 1024w, https:\/\/lukhohaimy.com\/wp-content\/uploads\/2023\/02\/A-LITTLE-SOUL-300x127.jpg 300w, https:\/\/lukhohaimy.com\/wp-content\/uploads\/2023\/02\/A-LITTLE-SOUL-768x324.jpg 768w, https:\/\/lukhohaimy.com\/wp-content\/uploads\/2023\/02\/A-LITTLE-SOUL-1536x648.jpg 1536w, https:\/\/lukhohaimy.com\/wp-content\/uploads\/2023\/02\/A-LITTLE-SOUL-2048x864.jpg 2048w\" sizes=\"auto, (max-width: 1024px) 100vw, 1024px\" \/><figcaption class=\"wp-element-caption\"><a href=\"https:\/\/vimeo.com\/661221331\" target=\"_blank\" rel=\"noreferrer noopener\">A Little Soul \/ Tinh C\u1ea7u B\u00e9 Nh\u1ecf<\/a><\/figcaption><\/figure>\n<\/div>\n\n\n\n<div class=\"wp-block-column is-layout-flow wp-block-column-is-layout-flow\">\n<figure class=\"wp-block-image size-large\"><img loading=\"lazy\" decoding=\"async\" width=\"1024\" height=\"432\" src=\"https:\/\/lukhohaimy.com\/wp-content\/uploads\/2023\/02\/TQD-1024x432.jpg\" alt=\"\" class=\"wp-image-257\" srcset=\"https:\/\/lukhohaimy.com\/wp-content\/uploads\/2023\/02\/TQD-1024x432.jpg 1024w, https:\/\/lukhohaimy.com\/wp-content\/uploads\/2023\/02\/TQD-300x127.jpg 300w, https:\/\/lukhohaimy.com\/wp-content\/uploads\/2023\/02\/TQD-768x324.jpg 768w, https:\/\/lukhohaimy.com\/wp-content\/uploads\/2023\/02\/TQD-1536x648.jpg 1536w, https:\/\/lukhohaimy.com\/wp-content\/uploads\/2023\/02\/TQD-2048x864.jpg 2048w\" sizes=\"auto, (max-width: 1024px) 100vw, 1024px\" \/><figcaption class=\"wp-element-caption\"><a href=\"https:\/\/vimeo.com\/587104958\" target=\"_blank\" rel=\"noreferrer noopener\">Dear Catherine, Love Theodore<\/a><\/figcaption><\/figure>\n<\/div>\n<\/div>\n\n\n\n<div class=\"wp-block-columns is-layout-flex wp-container-core-columns-is-layout-9d6595d7 wp-block-columns-is-layout-flex\">\n<div class=\"wp-block-column is-layout-flow wp-block-column-is-layout-flow\">\n<figure class=\"wp-block-image size-large\"><img loading=\"lazy\" decoding=\"async\" width=\"1024\" height=\"432\" src=\"https:\/\/lukhohaimy.com\/wp-content\/uploads\/2023\/02\/TRUST-NO-ONE-1024x432.jpg\" alt=\"\" class=\"wp-image-260\" srcset=\"https:\/\/lukhohaimy.com\/wp-content\/uploads\/2023\/02\/TRUST-NO-ONE-1024x432.jpg 1024w, https:\/\/lukhohaimy.com\/wp-content\/uploads\/2023\/02\/TRUST-NO-ONE-300x127.jpg 300w, https:\/\/lukhohaimy.com\/wp-content\/uploads\/2023\/02\/TRUST-NO-ONE-768x324.jpg 768w, https:\/\/lukhohaimy.com\/wp-content\/uploads\/2023\/02\/TRUST-NO-ONE-1536x648.jpg 1536w, https:\/\/lukhohaimy.com\/wp-content\/uploads\/2023\/02\/TRUST-NO-ONE-2048x864.jpg 2048w\" sizes=\"auto, (max-width: 1024px) 100vw, 1024px\" \/><figcaption class=\"wp-element-caption\"><a href=\"https:\/\/vimeo.com\/707451940\" target=\"_blank\" rel=\"noreferrer noopener\">Fantasy Love: TRUST NO ONE<\/a><\/figcaption><\/figure>\n<\/div>\n\n\n\n<div class=\"wp-block-column is-layout-flow wp-block-column-is-layout-flow\">\n<figure class=\"wp-block-image size-large\"><img loading=\"lazy\" decoding=\"async\" width=\"1024\" height=\"432\" src=\"https:\/\/lukhohaimy.com\/wp-content\/uploads\/2023\/02\/KMT-LDBL-1024x432.jpg\" alt=\"\" class=\"wp-image-261\" srcset=\"https:\/\/lukhohaimy.com\/wp-content\/uploads\/2023\/02\/KMT-LDBL-1024x432.jpg 1024w, https:\/\/lukhohaimy.com\/wp-content\/uploads\/2023\/02\/KMT-LDBL-300x127.jpg 300w, https:\/\/lukhohaimy.com\/wp-content\/uploads\/2023\/02\/KMT-LDBL-768x324.jpg 768w, https:\/\/lukhohaimy.com\/wp-content\/uploads\/2023\/02\/KMT-LDBL-1536x648.jpg 1536w, https:\/\/lukhohaimy.com\/wp-content\/uploads\/2023\/02\/KMT-LDBL-2048x864.jpg 2048w\" sizes=\"auto, (max-width: 1024px) 100vw, 1024px\" \/><figcaption class=\"wp-element-caption\"><a href=\"https:\/\/vimeo.com\/790762424\" target=\"_blank\" rel=\"noreferrer noopener\">WILL THEY MAKE IT?<\/a><\/figcaption><\/figure>\n<\/div>\n<\/div>\n\n\n\n<div class=\"wp-block-columns is-layout-flex wp-container-core-columns-is-layout-9d6595d7 wp-block-columns-is-layout-flex\">\n<div class=\"wp-block-column is-layout-flow wp-block-column-is-layout-flow\">\n<figure class=\"wp-block-image size-large\"><img loading=\"lazy\" decoding=\"async\" width=\"1024\" height=\"432\" src=\"https:\/\/lukhohaimy.com\/wp-content\/uploads\/2023\/02\/SNOW-WHITE-1024x432.jpg\" alt=\"\" class=\"wp-image-264\" srcset=\"https:\/\/lukhohaimy.com\/wp-content\/uploads\/2023\/02\/SNOW-WHITE-1024x432.jpg 1024w, https:\/\/lukhohaimy.com\/wp-content\/uploads\/2023\/02\/SNOW-WHITE-300x127.jpg 300w, https:\/\/lukhohaimy.com\/wp-content\/uploads\/2023\/02\/SNOW-WHITE-768x324.jpg 768w, https:\/\/lukhohaimy.com\/wp-content\/uploads\/2023\/02\/SNOW-WHITE-1536x648.jpg 1536w, https:\/\/lukhohaimy.com\/wp-content\/uploads\/2023\/02\/SNOW-WHITE-2048x864.jpg 2048w\" sizes=\"auto, (max-width: 1024px) 100vw, 1024px\" \/><figcaption class=\"wp-element-caption\"><a href=\"https:\/\/vimeo.com\/694983773\" target=\"_blank\" rel=\"noreferrer noopener\">SNOW WHITE ISN\u2019T A FAIRY TALE (Short)<\/a><\/figcaption><\/figure>\n<\/div>\n<\/div>\n\n\n\n<div class=\"wp-block-columns is-layout-flex wp-container-core-columns-is-layout-9d6595d7 wp-block-columns-is-layout-flex\">\n<div class=\"wp-block-column is-layout-flow wp-block-column-is-layout-flow\">\n<figure class=\"wp-block-image size-large\"><img loading=\"lazy\" decoding=\"async\" width=\"1024\" height=\"432\" src=\"https:\/\/lukhohaimy.com\/wp-content\/uploads\/2023\/02\/48H-2019-1024x432.jpg\" alt=\"\" class=\"wp-image-265\" srcset=\"https:\/\/lukhohaimy.com\/wp-content\/uploads\/2023\/02\/48H-2019-1024x432.jpg 1024w, https:\/\/lukhohaimy.com\/wp-content\/uploads\/2023\/02\/48H-2019-300x127.jpg 300w, https:\/\/lukhohaimy.com\/wp-content\/uploads\/2023\/02\/48H-2019-768x324.jpg 768w, https:\/\/lukhohaimy.com\/wp-content\/uploads\/2023\/02\/48H-2019-1536x648.jpg 1536w, https:\/\/lukhohaimy.com\/wp-content\/uploads\/2023\/02\/48H-2019-2048x864.jpg 2048w\" sizes=\"auto, (max-width: 1024px) 100vw, 1024px\" \/><figcaption class=\"wp-element-caption\"><a href=\"https:\/\/vimeo.com\/506397784\" target=\"_blank\" rel=\"noreferrer noopener\">CAN\u2019T STOP LOVING YOU (Short)<\/a><\/figcaption><\/figure>\n<\/div>\n<\/div>\n\n\n\n<div class=\"wp-block-columns is-layout-flex wp-container-core-columns-is-layout-9d6595d7 wp-block-columns-is-layout-flex\">\n<div class=\"wp-block-column is-layout-flow wp-block-column-is-layout-flow\">\n<figure class=\"wp-block-image size-large\"><img loading=\"lazy\" decoding=\"async\" width=\"1024\" height=\"432\" src=\"https:\/\/lukhohaimy.com\/wp-content\/uploads\/2023\/02\/NSOK-1024x432.jpg\" alt=\"\" class=\"wp-image-267\" srcset=\"https:\/\/lukhohaimy.com\/wp-content\/uploads\/2023\/02\/NSOK-1024x432.jpg 1024w, https:\/\/lukhohaimy.com\/wp-content\/uploads\/2023\/02\/NSOK-300x127.jpg 300w, https:\/\/lukhohaimy.com\/wp-content\/uploads\/2023\/02\/NSOK-768x324.jpg 768w, https:\/\/lukhohaimy.com\/wp-content\/uploads\/2023\/02\/NSOK-1536x648.jpg 1536w, https:\/\/lukhohaimy.com\/wp-content\/uploads\/2023\/02\/NSOK-2048x864.jpg 2048w\" sizes=\"auto, (max-width: 1024px) 100vw, 1024px\" \/><figcaption class=\"wp-element-caption\"><a href=\"https:\/\/vimeo.com\/501366656\" target=\"_blank\" rel=\"noreferrer noopener\">FREEDOM (Short)<\/a><\/figcaption><\/figure>\n<\/div>\n\n\n\n<div class=\"wp-block-column is-layout-flow wp-block-column-is-layout-flow\">\n<figure class=\"wp-block-image size-large\"><img loading=\"lazy\" decoding=\"async\" width=\"1024\" height=\"432\" src=\"https:\/\/lukhohaimy.com\/wp-content\/uploads\/2023\/02\/NSOK-1-1024x432.jpg\" alt=\"\" class=\"wp-image-268\" srcset=\"https:\/\/lukhohaimy.com\/wp-content\/uploads\/2023\/02\/NSOK-1-1024x432.jpg 1024w, https:\/\/lukhohaimy.com\/wp-content\/uploads\/2023\/02\/NSOK-1-300x127.jpg 300w, https:\/\/lukhohaimy.com\/wp-content\/uploads\/2023\/02\/NSOK-1-768x324.jpg 768w, https:\/\/lukhohaimy.com\/wp-content\/uploads\/2023\/02\/NSOK-1-1536x648.jpg 1536w, https:\/\/lukhohaimy.com\/wp-content\/uploads\/2023\/02\/NSOK-1-2048x864.jpg 2048w\" sizes=\"auto, (max-width: 1024px) 100vw, 1024px\" \/><figcaption class=\"wp-element-caption\"><a href=\"https:\/\/vimeo.com\/523702515\" target=\"_blank\" rel=\"noreferrer noopener\">DEAR SELF (Short)<\/a><\/figcaption><\/figure>\n<\/div>\n<\/div>\n\n\n\n<figure class=\"wp-block-image size-large\"><img loading=\"lazy\" decoding=\"async\" width=\"1024\" height=\"432\" src=\"https:\/\/lukhohaimy.com\/wp-content\/uploads\/2023\/02\/THE-GAME-OF-LOVE-1024x432.jpg\" alt=\"\" class=\"wp-image-270\" srcset=\"https:\/\/lukhohaimy.com\/wp-content\/uploads\/2023\/02\/THE-GAME-OF-LOVE-1024x432.jpg 1024w, https:\/\/lukhohaimy.com\/wp-content\/uploads\/2023\/02\/THE-GAME-OF-LOVE-300x127.jpg 300w, https:\/\/lukhohaimy.com\/wp-content\/uploads\/2023\/02\/THE-GAME-OF-LOVE-768x324.jpg 768w, https:\/\/lukhohaimy.com\/wp-content\/uploads\/2023\/02\/THE-GAME-OF-LOVE-1536x648.jpg 1536w, https:\/\/lukhohaimy.com\/wp-content\/uploads\/2023\/02\/THE-GAME-OF-LOVE-2048x864.jpg 2048w\" sizes=\"auto, (max-width: 1024px) 100vw, 1024px\" \/><figcaption class=\"wp-element-caption\"><a href=\"https:\/\/vimeo.com\/268562262\" target=\"_blank\" rel=\"noreferrer noopener\">THE GAME OF LOVE (Short)<\/a><\/figcaption><\/figure>\n","protected":false},"excerpt":{"rendered":"","protected":false},"author":1,"featured_media":64,"parent":0,"menu_order":0,"comment_status":"closed","ping_status":"closed","template":"","meta":{"footnotes":""},"class_list":["post-26","page","type-page","status-publish","has-post-thumbnail","hentry"],"_links":{"self":[{"href":"https:\/\/lukhohaimy.com\/index.php\/wp-json\/wp\/v2\/pages\/26","targetHints":{"allow":["GET"]}}],"collection":[{"href":"https:\/\/lukhohaimy.com\/index.php\/wp-json\/wp\/v2\/pages"}],"about":[{"href":"https:\/\/lukhohaimy.com\/index.php\/wp-json\/wp\/v2\/types\/page"}],"author":[{"embeddable":true,"href":"https:\/\/lukhohaimy.com\/index.php\/wp-json\/wp\/v2\/users\/1"}],"replies":[{"embeddable":true,"href":"https:\/\/lukhohaimy.com\/index.php\/wp-json\/wp\/v2\/comments?post=26"}],"version-history":[{"count":35,"href":"https:\/\/lukhohaimy.com\/index.php\/wp-json\/wp\/v2\/pages\/26\/revisions"}],"predecessor-version":[{"id":426,"href":"https:\/\/lukhohaimy.com\/index.php\/wp-json\/wp\/v2\/pages\/26\/revisions\/426"}],"wp:featuredmedia":[{"embeddable":true,"href":"https:\/\/lukhohaimy.com\/index.php\/wp-json\/wp\/v2\/media\/64"}],"wp:attachment":[{"href":"https:\/\/lukhohaimy.com\/index.php\/wp-json\/wp\/v2\/media?parent=26"}],"curies":[{"name":"wp","href":"https:\/\/api.w.org\/{rel}","templated":true}]}}