{"id":292,"date":"2023-02-24T11:12:54","date_gmt":"2023-02-24T11:12:54","guid":{"rendered":"https:\/\/lukhohaimy.com\/?page_id=292"},"modified":"2023-02-24T11:39:43","modified_gmt":"2023-02-24T11:39:43","slug":"you-are-the-st-2022","status":"publish","type":"page","link":"https:\/\/lukhohaimy.com\/index.php\/reel\/you-are-the-st-2022\/","title":{"rendered":"YOU ARE THE S***T! (2022)"},"content":{"rendered":"\n<figure class=\"wp-block-embed is-type-video is-provider-vimeo wp-block-embed-vimeo wp-embed-aspect-21-9 wp-has-aspect-ratio\"><div class=\"wp-block-embed__wrapper\">\n<iframe loading=\"lazy\" title=\"YOU ARE THE SHINE! \/ EM TUY\u1ec6T V\u1edcI! (Short)\" src=\"https:\/\/player.vimeo.com\/video\/735034819?h=2ce2f91d5b&amp;dnt=1&amp;app_id=122963\" width=\"960\" height=\"405\" frameborder=\"0\" allow=\"autoplay; fullscreen; picture-in-picture\" allowfullscreen><\/iframe>\n<\/div><figcaption class=\"wp-element-caption\">YOU ARE THE S***T! (2022) \/ SHORT<\/figcaption><\/figure>\n\n\n\n<p class=\"has-text-align-center has-luminous-vivid-amber-color has-text-color\" style=\"letter-spacing:1px\"><strong>WINNER BEST PHOTOGRAPHY GLOBAL AWARD<\/strong> &#8211; Visual Creator vivo 2022<\/p>\n\n\n\n<p style=\"letter-spacing:1px\"><em>Drama<br>8 minutes 16 seconds<\/em><\/p>\n\n\n\n<p style=\"letter-spacing:1px\">In each love story, it turns out it&#8217;s simply two people&#8217;s feelings for each other.<\/p>\n\n\n\n<p class=\"has-small-font-size\" style=\"letter-spacing:1px\"><em>Trong m\u1ed7i c\u00e2u chuy\u1ec7n t\u00ecnh y\u00eau, h\u00f3a ra n\u00f3 ch\u1ec9 \u0111\u01a1n gi\u1ea3n l\u00e0 c\u1ea3m x\u00fac c\u1ee7a hai con ng\u01b0\u1eddi v\u1edbi nhau.<\/em><\/p>\n\n\n\n<h2 class=\"wp-block-heading\" style=\"font-style:normal;font-weight:700;letter-spacing:2px;text-transform:uppercase\"><strong>Director Statement<\/strong><\/h2>\n\n\n\n<p style=\"letter-spacing:1px\">I want to bring a gentle love story from the perspective of two completely normal, feminine so that the audience understands that a love story, turns out to be simply the feelings of two people.<\/p>\n\n\n\n<p style=\"letter-spacing:1px\">And, the characters are only interested in the story with the conflicts they face personally like other normal loving couples, not with the social prejudice that prevents their same-sex love from becoming difficult.<\/p>\n\n\n\n<p style=\"letter-spacing:1px\"><strong>The more we talk about prejudice, the more we admit it exists.<\/strong><\/p>\n\n\n\n<figure class=\"wp-block-image size-large\"><img loading=\"lazy\" decoding=\"async\" width=\"1024\" height=\"432\" src=\"https:\/\/lukhohaimy.com\/wp-content\/uploads\/2023\/02\/You-Are-The-S...T-Short.00_00_58_09.Still011-2-1024x432.jpg\" alt=\"\" class=\"wp-image-294\" srcset=\"https:\/\/lukhohaimy.com\/wp-content\/uploads\/2023\/02\/You-Are-The-S...T-Short.00_00_58_09.Still011-2-1024x432.jpg 1024w, https:\/\/lukhohaimy.com\/wp-content\/uploads\/2023\/02\/You-Are-The-S...T-Short.00_00_58_09.Still011-2-300x127.jpg 300w, https:\/\/lukhohaimy.com\/wp-content\/uploads\/2023\/02\/You-Are-The-S...T-Short.00_00_58_09.Still011-2-768x324.jpg 768w, https:\/\/lukhohaimy.com\/wp-content\/uploads\/2023\/02\/You-Are-The-S...T-Short.00_00_58_09.Still011-2-1536x648.jpg 1536w, https:\/\/lukhohaimy.com\/wp-content\/uploads\/2023\/02\/You-Are-The-S...T-Short.00_00_58_09.Still011-2-2048x864.jpg 2048w\" sizes=\"auto, (max-width: 1024px) 100vw, 1024px\" \/><\/figure>\n\n\n\n<p class=\"has-small-font-size\" style=\"letter-spacing:1px\"><em>T\u00f4i mu\u1ed1n \u0111em l\u1ea1i m\u1ed9t c\u00e2u chuy\u1ec7n t\u00ecnh y\u00eau nh\u1eb9 nh\u00e0ng v\u1edbi g\u00f3c nh\u00ecn c\u1ee7a hai c\u00f4 g\u00e1i ho\u00e0n to\u00e0n b\u00ecnh th\u01b0\u1eddng, n\u1eef t\u00ednh, \u0111\u1ec3 kh\u00e1n gi\u1ea3 hi\u1ec3u r\u1eb1ng chuy\u1ec7n t\u00ecnh y\u00eau, ho\u00e1 ra n\u00f3 ch\u1ec9 \u0111\u01a1n gi\u1ea3n ch\u1ec9 l\u00e0 c\u1ea3m x\u00fac c\u1ee7a hai con ng\u01b0\u1eddi v\u1edbi nhau.<\/em><\/p>\n\n\n\n<p class=\"has-small-font-size\" style=\"letter-spacing:1px\"><em>V\u00e0, nh\u00e2n v\u1eadt ch\u1ec9 \u0111ang quan t\u00e2m c\u00e2u chuy\u1ec7n v\u1edbi m\u00e2u thu\u1eabn m\u00e0 h\u1ecd g\u1eb7p ph\u1ea3i c\u00e1 nh\u00e2n nh\u01b0 nh\u1eefng c\u1eb7p \u0111\u00f4i y\u00eau nhau b\u00ecnh th\u01b0\u1eddng kh\u00e1c, ch\u1ee9 kh\u00f4ng li\u00ean quan \u0111\u1ebfn \u0111\u1ecbnh ki\u1ebfn x\u00e3 h\u1ed9i ng\u0103n c\u1ea3n t\u00ecnh y\u00eau \u0111\u1ed3ng gi\u1edbi c\u1ee7a h\u1ecd tr\u1edf n\u00ean kh\u00f3 kh\u0103n.<\/em><\/p>\n\n\n\n<p class=\"has-small-font-size\" style=\"letter-spacing:1px\"><strong><em>Ch\u00fang ta c\u00e0ng n\u00f3i v\u1ec1 \u0111\u1ecbnh ki\u1ebfn, ch\u00fang ta c\u00e0ng th\u1eeba nh\u1eadn n\u00f3 t\u1ed3n t\u1ea1i. <\/em><\/strong><\/p>\n\n\n\n<h3 class=\"wp-block-heading\" style=\"font-style:normal;font-weight:700;letter-spacing:2px\">PRESS<\/h3>\n\n\n\n<p><a href=\"https:\/\/www.vivo.com\/vn\/activity\/vivo-visual-creator\">https:\/\/www.vivo.com\/vn\/activity\/vivo-visual-creator<\/a><\/p>\n\n\n\n<p><a href=\"https:\/\/kenh14.vn\/thuong-thuc-cac-tac-pham-noi-bat-tai-cuoc-thi-vision-2022-20220805165219315.chn\">https:\/\/kenh14.vn\/thuong-thuc-cac-tac-pham-noi-bat-tai-cuoc-thi-vision-2022-20220805165219315.chn<\/a><\/p>\n\n\n\n<p><a href=\"https:\/\/vnexpress.net\/cuoc-thi-lam-phim-bang-smartphone-vivo-hut-gioi-tre-4497473.html\">https:\/\/vnexpress.net\/cuoc-thi-lam-phim-bang-smartphone-vivo-hut-gioi-tre-4497473.html<\/a><\/p>\n\n\n\n<p><a href=\"https:\/\/zingnews.vn\/nhung-dao-dien-tre-tham-gia-cuoc-thi-phim-ngan-vision-post1336867.html\">https:\/\/zingnews.vn\/nhung-dao-dien-tre-tham-gia-cuoc-thi-phim-ngan-vision-post1336867.html<\/a><\/p>\n\n\n\n<figure class=\"wp-block-image size-large\"><img loading=\"lazy\" decoding=\"async\" width=\"1024\" height=\"432\" src=\"https:\/\/lukhohaimy.com\/wp-content\/uploads\/2023\/02\/YATS-1-1-1024x432.jpg\" alt=\"\" class=\"wp-image-296\" srcset=\"https:\/\/lukhohaimy.com\/wp-content\/uploads\/2023\/02\/YATS-1-1-1024x432.jpg 1024w, https:\/\/lukhohaimy.com\/wp-content\/uploads\/2023\/02\/YATS-1-1-300x127.jpg 300w, https:\/\/lukhohaimy.com\/wp-content\/uploads\/2023\/02\/YATS-1-1-768x324.jpg 768w, https:\/\/lukhohaimy.com\/wp-content\/uploads\/2023\/02\/YATS-1-1-1536x648.jpg 1536w, https:\/\/lukhohaimy.com\/wp-content\/uploads\/2023\/02\/YATS-1-1-2048x864.jpg 2048w\" sizes=\"auto, (max-width: 1024px) 100vw, 1024px\" \/><\/figure>\n\n\n\n<figure class=\"wp-block-image size-large\"><img loading=\"lazy\" decoding=\"async\" width=\"1024\" height=\"432\" src=\"https:\/\/lukhohaimy.com\/wp-content\/uploads\/2023\/02\/YATS-2-1-1024x432.jpg\" alt=\"\" class=\"wp-image-297\" srcset=\"https:\/\/lukhohaimy.com\/wp-content\/uploads\/2023\/02\/YATS-2-1-1024x432.jpg 1024w, https:\/\/lukhohaimy.com\/wp-content\/uploads\/2023\/02\/YATS-2-1-300x127.jpg 300w, https:\/\/lukhohaimy.com\/wp-content\/uploads\/2023\/02\/YATS-2-1-768x324.jpg 768w, https:\/\/lukhohaimy.com\/wp-content\/uploads\/2023\/02\/YATS-2-1-1536x648.jpg 1536w, https:\/\/lukhohaimy.com\/wp-content\/uploads\/2023\/02\/YATS-2-1-2048x864.jpg 2048w\" sizes=\"auto, (max-width: 1024px) 100vw, 1024px\" \/><\/figure>\n\n\n\n<figure class=\"wp-block-image size-large\"><img loading=\"lazy\" decoding=\"async\" width=\"1024\" height=\"432\" src=\"https:\/\/lukhohaimy.com\/wp-content\/uploads\/2023\/02\/You-Are-The-S...T-Short.00_06_25_04.Still034-1-1024x432.jpg\" alt=\"\" class=\"wp-image-298\" srcset=\"https:\/\/lukhohaimy.com\/wp-content\/uploads\/2023\/02\/You-Are-The-S...T-Short.00_06_25_04.Still034-1-1024x432.jpg 1024w, https:\/\/lukhohaimy.com\/wp-content\/uploads\/2023\/02\/You-Are-The-S...T-Short.00_06_25_04.Still034-1-300x127.jpg 300w, https:\/\/lukhohaimy.com\/wp-content\/uploads\/2023\/02\/You-Are-The-S...T-Short.00_06_25_04.Still034-1-768x324.jpg 768w, https:\/\/lukhohaimy.com\/wp-content\/uploads\/2023\/02\/You-Are-The-S...T-Short.00_06_25_04.Still034-1-1536x648.jpg 1536w, https:\/\/lukhohaimy.com\/wp-content\/uploads\/2023\/02\/You-Are-The-S...T-Short.00_06_25_04.Still034-1-2048x864.jpg 2048w\" sizes=\"auto, (max-width: 1024px) 100vw, 1024px\" \/><\/figure>\n\n\n\n<figure class=\"wp-block-image size-large\"><img loading=\"lazy\" decoding=\"async\" width=\"1024\" height=\"432\" src=\"https:\/\/lukhohaimy.com\/wp-content\/uploads\/2023\/02\/You-Are-The-S...T-Short.00_06_09_01.Still048-1024x432.jpg\" alt=\"\" class=\"wp-image-299\" srcset=\"https:\/\/lukhohaimy.com\/wp-content\/uploads\/2023\/02\/You-Are-The-S...T-Short.00_06_09_01.Still048-1024x432.jpg 1024w, https:\/\/lukhohaimy.com\/wp-content\/uploads\/2023\/02\/You-Are-The-S...T-Short.00_06_09_01.Still048-300x127.jpg 300w, https:\/\/lukhohaimy.com\/wp-content\/uploads\/2023\/02\/You-Are-The-S...T-Short.00_06_09_01.Still048-768x324.jpg 768w, https:\/\/lukhohaimy.com\/wp-content\/uploads\/2023\/02\/You-Are-The-S...T-Short.00_06_09_01.Still048-1536x648.jpg 1536w, https:\/\/lukhohaimy.com\/wp-content\/uploads\/2023\/02\/You-Are-The-S...T-Short.00_06_09_01.Still048-2048x864.jpg 2048w\" sizes=\"auto, (max-width: 1024px) 100vw, 1024px\" \/><\/figure>\n\n\n\n<figure class=\"wp-block-image size-large\"><img loading=\"lazy\" decoding=\"async\" width=\"1024\" height=\"432\" src=\"https:\/\/lukhohaimy.com\/wp-content\/uploads\/2023\/02\/You-Are-The-S...T-Short.00_01_01_07.Still016-1024x432.jpg\" alt=\"\" class=\"wp-image-300\" srcset=\"https:\/\/lukhohaimy.com\/wp-content\/uploads\/2023\/02\/You-Are-The-S...T-Short.00_01_01_07.Still016-1024x432.jpg 1024w, https:\/\/lukhohaimy.com\/wp-content\/uploads\/2023\/02\/You-Are-The-S...T-Short.00_01_01_07.Still016-300x127.jpg 300w, https:\/\/lukhohaimy.com\/wp-content\/uploads\/2023\/02\/You-Are-The-S...T-Short.00_01_01_07.Still016-768x324.jpg 768w, https:\/\/lukhohaimy.com\/wp-content\/uploads\/2023\/02\/You-Are-The-S...T-Short.00_01_01_07.Still016-1536x648.jpg 1536w, https:\/\/lukhohaimy.com\/wp-content\/uploads\/2023\/02\/You-Are-The-S...T-Short.00_01_01_07.Still016-2048x864.jpg 2048w\" sizes=\"auto, (max-width: 1024px) 100vw, 1024px\" \/><\/figure>\n\n\n\n<figure class=\"wp-block-image size-large\"><img loading=\"lazy\" decoding=\"async\" width=\"1024\" height=\"432\" src=\"https:\/\/lukhohaimy.com\/wp-content\/uploads\/2023\/02\/You-Are-The-S...T-Short.00_05_21_17.Still022-1024x432.jpg\" alt=\"\" class=\"wp-image-301\" srcset=\"https:\/\/lukhohaimy.com\/wp-content\/uploads\/2023\/02\/You-Are-The-S...T-Short.00_05_21_17.Still022-1024x432.jpg 1024w, https:\/\/lukhohaimy.com\/wp-content\/uploads\/2023\/02\/You-Are-The-S...T-Short.00_05_21_17.Still022-300x127.jpg 300w, https:\/\/lukhohaimy.com\/wp-content\/uploads\/2023\/02\/You-Are-The-S...T-Short.00_05_21_17.Still022-768x324.jpg 768w, https:\/\/lukhohaimy.com\/wp-content\/uploads\/2023\/02\/You-Are-The-S...T-Short.00_05_21_17.Still022-1536x648.jpg 1536w, https:\/\/lukhohaimy.com\/wp-content\/uploads\/2023\/02\/You-Are-The-S...T-Short.00_05_21_17.Still022-2048x864.jpg 2048w\" sizes=\"auto, (max-width: 1024px) 100vw, 1024px\" \/><\/figure>\n\n\n\n<h3 class=\"wp-block-heading\" style=\"letter-spacing:2px\">CREDIT<\/h3>\n\n\n\n<p style=\"letter-spacing:1px\">Created, written, and directed by LUK HO HAI MY<\/p>\n\n\n\n<p style=\"letter-spacing:1px\"><strong>CAST<\/strong><br>KHAZSAK as SAM<br>YUM as T\u00da<\/p>\n\n\n\n<p style=\"letter-spacing:1px\"><strong>CREW<\/strong><br>Produced by THE DRAMATIC FILMS \/ Cinematographer NGUYEN THINH \/ Art Director HUA MAN \/ 1st Assistant Director NHU VO \/ Camera Assistant CUONG DOAN \/ Editor C\u00d4MY \/ Animation (T\u00fa&#8217;s Dreaming) GIA HY \/ Location Manager LAM HUYNH \/ Production \/ Assistant NGOC NHE &#8211; KIM NGAN \/ Stylist NGUYEN NHUT HAO &#8211; CHRIS VU \/ Makeup Artist DOI MONG MONG &#8211; NGA HYN \/ Voice Talent MINH TRUONG as The Narrator<\/p>\n\n\n\n<p style=\"letter-spacing:1px\">T\u00da&#8217;s ~ Costume Designer: Ph\u00f9ng Kh\u00e1nh Duy\u00ean &#8211; Qu\u1ef3nh Nguy\u1ec5n &#8211; L\u00ea Ch\u00ed C\u01b0\u1eddng &#8211; Tr\u1ea7n Thanh T\u00e2m &#8211; Ph\u1ea1m \u0110\u00f4ng Xu\u00e2n &#8211; Ty H\u01b0ng &#8211; Phan Qu\u1ef3nh \/ SAM&#8217;s ~ Costume Designer: Gongaze &#8211; Blondy &#8211; Bessie<\/p>\n\n\n\n<p style=\"letter-spacing:1px\"><em>Original song<\/em><br>WHERE IS MY MIND (The Pixies Piano cover) &#8211; Maxence Cyrin<br>T\u00d3C MAI S\u1ee2I V\u1eaeN S\u1ee2I D\u00c0I (LONG, UNEVEN HAIR) &#8211; Th\u00e0nh M\u00e1i<br>M\u1eb6T TR\u1edcI \u0110EN (BLACK SUN) &#8211; Minh Xu\u00e2n &amp; Ph\u01b0\u1ee3ng Ho\u00e0ng<br>BOYS DON&#8217;T CRY &#8211; The Cure<\/p>\n\n\n\n<p style=\"letter-spacing:1px\"><strong>XIN CH\u00c2N TH\u00c0NH C\u00c1M \u01a0N \/ SPECIAL THANKS TO<\/strong><br>Anh Derek Duong \/ Ms. Ngoc &amp; Team \/ Huynh Tan Phat &amp; Memo Creative \/ Long Lee and Tran Quang Dai with love<\/p>\n\n\n\n<p>&#8211;<\/p>\n\n\n\n<p style=\"letter-spacing:1px\">Shot on VIVO X80 PRO<br>#vivoX80Series #vivo<br>#vivoVisualCreator #OurStoryRedefined<\/p>\n","protected":false},"excerpt":{"rendered":"<p>WINNER BEST PHOTOGRAPHY GLOBAL AWARD &#8211; Visual Creator vivo 2022 Drama8 minutes 16 seconds In each love story, it turns out it&#8217;s simply two people&#8217;s feelings for each other. Trong m\u1ed7i c\u00e2u chuy\u1ec7n t\u00ecnh<\/p>\n<div class=\"blog-buttons\"><a href=\"https:\/\/lukhohaimy.com\/index.php\/reel\/you-are-the-st-2022\/\" class=\"more-link\">Read More<\/a><\/div>\n","protected":false},"author":1,"featured_media":0,"parent":26,"menu_order":1,"comment_status":"closed","ping_status":"closed","template":"","meta":{"footnotes":""},"class_list":["post-292","page","type-page","status-publish","hentry"],"_links":{"self":[{"href":"https:\/\/lukhohaimy.com\/index.php\/wp-json\/wp\/v2\/pages\/292","targetHints":{"allow":["GET"]}}],"collection":[{"href":"https:\/\/lukhohaimy.com\/index.php\/wp-json\/wp\/v2\/pages"}],"about":[{"href":"https:\/\/lukhohaimy.com\/index.php\/wp-json\/wp\/v2\/types\/page"}],"author":[{"embeddable":true,"href":"https:\/\/lukhohaimy.com\/index.php\/wp-json\/wp\/v2\/users\/1"}],"replies":[{"embeddable":true,"href":"https:\/\/lukhohaimy.com\/index.php\/wp-json\/wp\/v2\/comments?post=292"}],"version-history":[{"count":6,"href":"https:\/\/lukhohaimy.com\/index.php\/wp-json\/wp\/v2\/pages\/292\/revisions"}],"predecessor-version":[{"id":309,"href":"https:\/\/lukhohaimy.com\/index.php\/wp-json\/wp\/v2\/pages\/292\/revisions\/309"}],"up":[{"embeddable":true,"href":"https:\/\/lukhohaimy.com\/index.php\/wp-json\/wp\/v2\/pages\/26"}],"wp:attachment":[{"href":"https:\/\/lukhohaimy.com\/index.php\/wp-json\/wp\/v2\/media?parent=292"}],"curies":[{"name":"wp","href":"https:\/\/api.w.org\/{rel}","templated":true}]}}