{"id":44,"date":"2023-02-21T20:15:53","date_gmt":"2023-02-21T20:15:53","guid":{"rendered":"https:\/\/lukhohaimy.com\/?page_id=44"},"modified":"2023-02-24T10:02:00","modified_gmt":"2023-02-24T10:02:00","slug":"loveline-2021","status":"publish","type":"page","link":"https:\/\/lukhohaimy.com\/index.php\/reel\/loveline-2021\/","title":{"rendered":"LOVELINE (2021)"},"content":{"rendered":"\n<figure class=\"wp-block-embed is-type-video is-provider-vimeo wp-block-embed-vimeo wp-embed-aspect-21-9 wp-has-aspect-ratio\"><div class=\"wp-block-embed__wrapper\">\n<iframe loading=\"lazy\" title=\"LOVELINE  | Trailer\" src=\"https:\/\/player.vimeo.com\/video\/629350152?h=21f3acdde2&amp;dnt=1&amp;app_id=122963\" width=\"960\" height=\"405\" frameborder=\"0\" allow=\"autoplay; fullscreen; picture-in-picture\" allowfullscreen><\/iframe>\n<\/div><\/figure>\n\n\n\n<h2 class=\"wp-embed-aspect-21-9 wp-has-aspect-ratio has-text-color wp-block-heading\" style=\"color:#2f5dd4;font-style:normal;font-weight:700;letter-spacing:2px\"><strong>LOVELINE \/ T\u1ed4NG \u0110\u00c0I \u0110\u01af\u1edcNG D\u00c2Y N\u00d3NG PH\u00cdM 3 (2021)<\/strong><\/h2>\n\n\n\n<figure class=\"wp-block-image size-medium\"><img loading=\"lazy\" decoding=\"async\" width=\"212\" height=\"300\" src=\"https:\/\/lukhohaimy.com\/wp-content\/uploads\/2023\/02\/LOVELIN-POSTER-2022-lowres-212x300.jpg\" alt=\"\" class=\"wp-image-170\" srcset=\"https:\/\/lukhohaimy.com\/wp-content\/uploads\/2023\/02\/LOVELIN-POSTER-2022-lowres-212x300.jpg 212w, https:\/\/lukhohaimy.com\/wp-content\/uploads\/2023\/02\/LOVELIN-POSTER-2022-lowres-724x1024.jpg 724w, https:\/\/lukhohaimy.com\/wp-content\/uploads\/2023\/02\/LOVELIN-POSTER-2022-lowres-768x1086.jpg 768w, https:\/\/lukhohaimy.com\/wp-content\/uploads\/2023\/02\/LOVELIN-POSTER-2022-lowres-1086x1536.jpg 1086w, https:\/\/lukhohaimy.com\/wp-content\/uploads\/2023\/02\/LOVELIN-POSTER-2022-lowres-1448x2048.jpg 1448w, https:\/\/lukhohaimy.com\/wp-content\/uploads\/2023\/02\/LOVELIN-POSTER-2022-lowres.jpg 1754w\" sizes=\"auto, (max-width: 212px) 100vw, 212px\" \/><\/figure>\n\n\n\n<p class=\"wp-embed-aspect-21-9 wp-has-aspect-ratio has-text-color\" style=\"color:#2f5dd4;letter-spacing:1px\"><em>Drama<br>27 minutes 45 seconds<\/em><\/p>\n\n\n\n<p class=\"has-text-color\" style=\"color:#2f5dd4;letter-spacing:1px\">A young man works as a consultant on the operator and listened to an old man&#8217;s love story call him every day. The stories of two people become a strange connection between two souls of two men of two different generations.<\/p>\n\n\n\n<h3 class=\"has-text-color wp-block-heading\" style=\"color:#2f5dd4;font-style:normal;font-weight:700;letter-spacing:2px\">ABOUT<\/h3>\n\n\n\n<p class=\"has-text-color\" style=\"color:#2f5dd4;letter-spacing:1px\">IMDB<br><a href=\"https:\/\/www.imdb.com\/title\/tt15750468\">https:\/\/www.imdb.com\/title\/tt15750468<\/a><\/p>\n\n\n\n<p class=\"has-text-color\" style=\"color:#2f5dd4;letter-spacing:1px\">MUBI<br><a href=\"https:\/\/mubi.com\/films\/loveline\">https:\/\/mubi.com\/films\/loveline<\/a><\/p>\n\n\n\n<p class=\"has-text-color\" style=\"color:#2f5dd4;letter-spacing:1px\">TRAILER<br><a href=\"https:\/\/vimeo.com\/629350152\">https:\/\/vimeo.com\/629350152<\/a><\/p>\n\n\n\n<figure class=\"wp-block-image size-full is-style-bb-block-bg-full\"><img loading=\"lazy\" decoding=\"async\" width=\"2560\" height=\"1080\" src=\"https:\/\/lukhohaimy.com\/wp-content\/uploads\/2023\/02\/LHL_DirCut_09042021.00_11_07_01.Still051-scaled.jpg\" alt=\"\" class=\"wp-image-53\" srcset=\"https:\/\/lukhohaimy.com\/wp-content\/uploads\/2023\/02\/LHL_DirCut_09042021.00_11_07_01.Still051-scaled.jpg 2560w, https:\/\/lukhohaimy.com\/wp-content\/uploads\/2023\/02\/LHL_DirCut_09042021.00_11_07_01.Still051-300x127.jpg 300w, https:\/\/lukhohaimy.com\/wp-content\/uploads\/2023\/02\/LHL_DirCut_09042021.00_11_07_01.Still051-1024x432.jpg 1024w, https:\/\/lukhohaimy.com\/wp-content\/uploads\/2023\/02\/LHL_DirCut_09042021.00_11_07_01.Still051-768x324.jpg 768w, https:\/\/lukhohaimy.com\/wp-content\/uploads\/2023\/02\/LHL_DirCut_09042021.00_11_07_01.Still051-1536x648.jpg 1536w, https:\/\/lukhohaimy.com\/wp-content\/uploads\/2023\/02\/LHL_DirCut_09042021.00_11_07_01.Still051-2048x864.jpg 2048w\" sizes=\"auto, (max-width: 2560px) 100vw, 2560px\" \/><\/figure>\n\n\n\n<figure class=\"wp-block-image size-full\"><img loading=\"lazy\" decoding=\"async\" width=\"2560\" height=\"1080\" src=\"https:\/\/lukhohaimy.com\/wp-content\/uploads\/2023\/02\/LHL_DirCut_09042021.00_14_31_23.Still051-scaled.jpg\" alt=\"\" class=\"wp-image-59\" srcset=\"https:\/\/lukhohaimy.com\/wp-content\/uploads\/2023\/02\/LHL_DirCut_09042021.00_14_31_23.Still051-scaled.jpg 2560w, https:\/\/lukhohaimy.com\/wp-content\/uploads\/2023\/02\/LHL_DirCut_09042021.00_14_31_23.Still051-300x127.jpg 300w, https:\/\/lukhohaimy.com\/wp-content\/uploads\/2023\/02\/LHL_DirCut_09042021.00_14_31_23.Still051-1024x432.jpg 1024w, https:\/\/lukhohaimy.com\/wp-content\/uploads\/2023\/02\/LHL_DirCut_09042021.00_14_31_23.Still051-768x324.jpg 768w, https:\/\/lukhohaimy.com\/wp-content\/uploads\/2023\/02\/LHL_DirCut_09042021.00_14_31_23.Still051-1536x648.jpg 1536w, https:\/\/lukhohaimy.com\/wp-content\/uploads\/2023\/02\/LHL_DirCut_09042021.00_14_31_23.Still051-2048x864.jpg 2048w\" sizes=\"auto, (max-width: 2560px) 100vw, 2560px\" \/><\/figure>\n\n\n\n<figure class=\"wp-block-image size-full\"><img loading=\"lazy\" decoding=\"async\" width=\"2560\" height=\"1080\" src=\"https:\/\/lukhohaimy.com\/wp-content\/uploads\/2023\/02\/LHL_DirCut_09042021.00_12_08_22.Still050-scaled.jpg\" alt=\"\" class=\"wp-image-60\" srcset=\"https:\/\/lukhohaimy.com\/wp-content\/uploads\/2023\/02\/LHL_DirCut_09042021.00_12_08_22.Still050-scaled.jpg 2560w, https:\/\/lukhohaimy.com\/wp-content\/uploads\/2023\/02\/LHL_DirCut_09042021.00_12_08_22.Still050-300x127.jpg 300w, https:\/\/lukhohaimy.com\/wp-content\/uploads\/2023\/02\/LHL_DirCut_09042021.00_12_08_22.Still050-1024x432.jpg 1024w, https:\/\/lukhohaimy.com\/wp-content\/uploads\/2023\/02\/LHL_DirCut_09042021.00_12_08_22.Still050-768x324.jpg 768w, https:\/\/lukhohaimy.com\/wp-content\/uploads\/2023\/02\/LHL_DirCut_09042021.00_12_08_22.Still050-1536x648.jpg 1536w, https:\/\/lukhohaimy.com\/wp-content\/uploads\/2023\/02\/LHL_DirCut_09042021.00_12_08_22.Still050-2048x864.jpg 2048w\" sizes=\"auto, (max-width: 2560px) 100vw, 2560px\" \/><\/figure>\n\n\n\n<h3 class=\"has-text-color wp-block-heading\" style=\"color:#2f5dd4;font-style:normal;font-weight:700;letter-spacing:2px\"><strong>CREDIT<\/strong><\/h3>\n\n\n\n<p class=\"has-text-color\" style=\"color:#2f5dd4;letter-spacing:1px\">Written and Directed by LUK HO HAI MY<\/p>\n\n\n\n<p class=\"has-text-color\" style=\"color:#2f5dd4;letter-spacing:1px\"><em>CAST<\/em><br>Hong Thien An \/ Huynh Kien An \/ Thuy Duong \/ Ngoc Khanh<\/p>\n\n\n\n<p class=\"has-text-color\" style=\"color:#2f5dd4;letter-spacing:1px\"><em>CREW<\/em><br>Cinematographer &amp; Camera Operator Tran Dang Thai &#8211; Pham Thai Son \/ Producer Nhu Vo \/ Screenplay &amp; 1st Assistant Director Vo Nguyen Dan \/ Production Designer M\u00e9o \/ Editor Damo \u2013 C\u00f4 My \/ Costume Designer Cao Thanh Hien \/ Hair &amp; Make-up Ngoc Tam MK \/ Photographer Lam Huynh &#8211; Le Can Truong \/ Poster Lac An<\/p>\n\n\n\n<p class=\"has-text-color\" style=\"color:#2f5dd4;letter-spacing:1px\"><em>Special Thanks<\/em><br>University of Theatre and Cinema Ho Chi Minh &#8211; \u0110\u1ea1i H\u1ecdc S\u00e2n Kh\u1ea5u \u0110i\u1ec7n \u1ea2nh Tp.HCM \/ PS Vietnam \/ Dude Pictures \/ Uy\u00ean Voice &#8211; Petit \/ Four &#8211; Juice Box \/ Anh Tedy Wayne Tran \/ Anh Mai Khang \/ Anh Ti\u1ebfn L\u01b0u \/ Anh L\u01b0\u01a1ng \u0110\u1ee9c Anh \/ Ch\u1ecb Luk V\u00e2n &amp; MOWO \/ Anh Tr\u1ea7n \u0110\u0103ng Th\u00e1i \/ Long Lee<\/p>\n\n\n<div class=\"wp-block-image is-style-default\">\n<figure class=\"aligncenter size-large is-resized\"><img loading=\"lazy\" decoding=\"async\" src=\"https:\/\/lukhohaimy.com\/wp-content\/uploads\/2023\/02\/LOVELINE-Mar2022-Thumnail-18-awards-1024x432.png\" alt=\"\" class=\"wp-image-45\" width=\"1314\" height=\"554\" srcset=\"https:\/\/lukhohaimy.com\/wp-content\/uploads\/2023\/02\/LOVELINE-Mar2022-Thumnail-18-awards-1024x432.png 1024w, https:\/\/lukhohaimy.com\/wp-content\/uploads\/2023\/02\/LOVELINE-Mar2022-Thumnail-18-awards-300x127.png 300w, https:\/\/lukhohaimy.com\/wp-content\/uploads\/2023\/02\/LOVELINE-Mar2022-Thumnail-18-awards-768x324.png 768w, https:\/\/lukhohaimy.com\/wp-content\/uploads\/2023\/02\/LOVELINE-Mar2022-Thumnail-18-awards-1536x648.png 1536w, https:\/\/lukhohaimy.com\/wp-content\/uploads\/2023\/02\/LOVELINE-Mar2022-Thumnail-18-awards-2048x864.png 2048w\" sizes=\"auto, (max-width: 1314px) 100vw, 1314px\" \/><\/figure>\n<\/div>\n\n\n<div class=\"wp-block-file\"><a id=\"wp-block-file--media-c389d836-1481-4aa5-bf81-bf6a9f6528b1\" href=\"https:\/\/lukhohaimy.com\/wp-content\/uploads\/2023\/02\/LOVELINE-Eng-EPK-July-2022.pdf\" target=\"_blank\" rel=\"noreferrer noopener\">LOVELINE-Eng-EPK-July-2022<\/a><\/div>\n","protected":false},"excerpt":{"rendered":"<p>LOVELINE \/ T\u1ed4NG \u0110\u00c0I \u0110\u01af\u1edcNG D\u00c2Y N\u00d3NG PH\u00cdM 3 (2021) Drama27 minutes 45 seconds A young man works as a consultant on the operator and listened to an old man&#8217;s love story call him<\/p>\n<div class=\"blog-buttons\"><a href=\"https:\/\/lukhohaimy.com\/index.php\/reel\/loveline-2021\/\" class=\"more-link\">Read More<\/a><\/div>\n","protected":false},"author":1,"featured_media":0,"parent":26,"menu_order":1,"comment_status":"closed","ping_status":"closed","template":"","meta":{"footnotes":""},"class_list":["post-44","page","type-page","status-publish","hentry"],"_links":{"self":[{"href":"https:\/\/lukhohaimy.com\/index.php\/wp-json\/wp\/v2\/pages\/44","targetHints":{"allow":["GET"]}}],"collection":[{"href":"https:\/\/lukhohaimy.com\/index.php\/wp-json\/wp\/v2\/pages"}],"about":[{"href":"https:\/\/lukhohaimy.com\/index.php\/wp-json\/wp\/v2\/types\/page"}],"author":[{"embeddable":true,"href":"https:\/\/lukhohaimy.com\/index.php\/wp-json\/wp\/v2\/users\/1"}],"replies":[{"embeddable":true,"href":"https:\/\/lukhohaimy.com\/index.php\/wp-json\/wp\/v2\/comments?post=44"}],"version-history":[{"count":18,"href":"https:\/\/lukhohaimy.com\/index.php\/wp-json\/wp\/v2\/pages\/44\/revisions"}],"predecessor-version":[{"id":290,"href":"https:\/\/lukhohaimy.com\/index.php\/wp-json\/wp\/v2\/pages\/44\/revisions\/290"}],"up":[{"embeddable":true,"href":"https:\/\/lukhohaimy.com\/index.php\/wp-json\/wp\/v2\/pages\/26"}],"wp:attachment":[{"href":"https:\/\/lukhohaimy.com\/index.php\/wp-json\/wp\/v2\/media?parent=44"}],"curies":[{"name":"wp","href":"https:\/\/api.w.org\/{rel}","templated":true}]}}